{"id":1363,"date":"2025-03-27T08:27:16","date_gmt":"2025-03-27T07:27:16","guid":{"rendered":"https:\/\/www.locationkarukera.com\/?page_id=1363"},"modified":"2025-03-27T08:29:20","modified_gmt":"2025-03-27T07:29:20","slug":"livre-dor-mabouya-4","status":"publish","type":"page","link":"https:\/\/www.locationkarukera.com\/en\/livre-dor-mabouya-4\/","title":{"rendered":"Guestbook Mabouya 4"},"content":{"rendered":"<div data-elementor-type=\"wp-page\" data-elementor-id=\"1363\" class=\"elementor elementor-1363\">\n\t\t\t\t\t\t\t\t\t<section class=\"elementor-section elementor-top-section elementor-element elementor-element-0f72c01 elementor-section-full_width elementor-section-height-min-height elementor-section-height-default elementor-section-items-middle\" data-id=\"0f72c01\" data-element_type=\"section\" data-settings=\"{&quot;background_background&quot;:&quot;classic&quot;,&quot;shape_divider_bottom&quot;:&quot;wave-brush&quot;}\">\n\t\t\t\t\t<div class=\"elementor-shape elementor-shape-bottom\" data-negative=\"false\">\n\t\t\t<svg xmlns=\"http:\/\/www.w3.org\/2000\/svg\" viewbox=\"0 0 283.5 27.8\" preserveaspectratio=\"none\">\n\t<path class=\"elementor-shape-fill\" d=\"M283.5,9.7c0,0-7.3,4.3-14,4.6c-6.8,0.3-12.6,0-20.9-1.5c-11.3-2-33.1-10.1-44.7-5.7\ts-12.1,4.6-18,7.4c-6.6,3.2-20,9.6-36.6,9.3C131.6,23.5,99.5,7.2,86.3,8c-1.4,0.1-6.6,0.8-10.5,2c-3.8,1.2-9.4,3.8-17,4.7\tc-3.2,0.4-8.3,1.1-14.2,0.9c-1.5-0.1-6.3-0.4-12-1.6c-5.7-1.2-11-3.1-15.8-3.7C6.5,9.2,0,10.8,0,10.8V0h283.5V9.7z M260.8,11.3\tc-0.7-1-2-0.4-4.3-0.4c-2.3,0-6.1-1.2-5.8-1.1c0.3,0.1,3.1,1.5,6,1.9C259.7,12.2,261.4,12.3,260.8,11.3z M242.4,8.6\tc0,0-2.4-0.2-5.6-0.9c-3.2-0.8-10.3-2.8-15.1-3.5c-8.2-1.1-15.8,0-15.1,0.1c0.8,0.1,9.6-0.6,17.6,1.1c3.3,0.7,9.3,2.2,12.4,2.7\tC239.9,8.7,242.4,8.6,242.4,8.6z M185.2,8.5c1.7-0.7-13.3,4.7-18.5,6.1c-2.1,0.6-6.2,1.6-10,2c-3.9,0.4-8.9,0.4-8.8,0.5\tc0,0.2,5.8,0.8,11.2,0c5.4-0.8,5.2-1.1,7.6-1.6C170.5,14.7,183.5,9.2,185.2,8.5z M199.1,6.9c0.2,0-0.8-0.4-4.8,1.1\tc-4,1.5-6.7,3.5-6.9,3.7c-0.2,0.1,3.5-1.8,6.6-3C197,7.5,199,6.9,199.1,6.9z M283,6c-0.1,0.1-1.9,1.1-4.8,2.5s-6.9,2.8-6.7,2.7\tc0.2,0,3.5-0.6,7.4-2.5C282.8,6.8,283.1,5.9,283,6z M31.3,11.6c0.1-0.2-1.9-0.2-4.5-1.2s-5.4-1.6-7.8-2C15,7.6,7.3,8.5,7.7,8.6\tC8,8.7,15.9,8.3,20.2,9.3c2.2,0.5,2.4,0.5,5.7,1.6S31.2,11.9,31.3,11.6z M73,9.2c0.4-0.1,3.5-1.6,8.4-2.6c4.9-1.1,8.9-0.5,8.9-0.8\tc0-0.3-1-0.9-6.2-0.3S72.6,9.3,73,9.2z M71.6,6.7C71.8,6.8,75,5.4,77.3,5c2.3-0.3,1.9-0.5,1.9-0.6c0-0.1-1.1-0.2-2.7,0.2\tC74.8,5.1,71.4,6.6,71.6,6.7z M93.6,4.4c0.1,0.2,3.5,0.8,5.6,1.8c2.1,1,1.8,0.6,1.9,0.5c0.1-0.1-0.8-0.8-2.4-1.3\tC97.1,4.8,93.5,4.2,93.6,4.4z M65.4,11.1c-0.1,0.3,0.3,0.5,1.9-0.2s2.6-1.3,2.2-1.2s-0.9,0.4-2.5,0.8C65.3,10.9,65.5,10.8,65.4,11.1\tz M34.5,12.4c-0.2,0,2.1,0.8,3.3,0.9c1.2,0.1,2,0.1,2-0.2c0-0.3-0.1-0.5-1.6-0.4C36.6,12.8,34.7,12.4,34.5,12.4z M152.2,21.1\tc-0.1,0.1-2.4-0.3-7.5-0.3c-5,0-13.6-2.4-17.2-3.5c-3.6-1.1,10,3.9,16.5,4.1C150.5,21.6,152.3,21,152.2,21.1z\"\/>\n\t<path class=\"elementor-shape-fill\" d=\"M269.6,18c-0.1-0.1-4.6,0.3-7.2,0c-7.3-0.7-17-3.2-16.6-2.9c0.4,0.3,13.7,3.1,17,3.3\tC267.7,18.8,269.7,18,269.6,18z\"\/>\n\t<path class=\"elementor-shape-fill\" d=\"M227.4,9.8c-0.2-0.1-4.5-1-9.5-1.2c-5-0.2-12.7,0.6-12.3,0.5c0.3-0.1,5.9-1.8,13.3-1.2\tS227.6,9.9,227.4,9.8z\"\/>\n\t<path class=\"elementor-shape-fill\" d=\"M204.5,13.4c-0.1-0.1,2-1,3.2-1.1c1.2-0.1,2,0,2,0.3c0,0.3-0.1,0.5-1.6,0.4\tC206.4,12.9,204.6,13.5,204.5,13.4z\"\/>\n\t<path class=\"elementor-shape-fill\" d=\"M201,10.6c0-0.1-4.4,1.2-6.3,2.2c-1.9,0.9-6.2,3.1-6.1,3.1c0.1,0.1,4.2-1.6,6.3-2.6\tS201,10.7,201,10.6z\"\/>\n\t<path class=\"elementor-shape-fill\" d=\"M154.5,26.7c-0.1-0.1-4.6,0.3-7.2,0c-7.3-0.7-17-3.2-16.6-2.9c0.4,0.3,13.7,3.1,17,3.3\tC152.6,27.5,154.6,26.8,154.5,26.7z\"\/>\n\t<path class=\"elementor-shape-fill\" d=\"M41.9,19.3c0,0,1.2-0.3,2.9-0.1c1.7,0.2,5.8,0.9,8.2,0.7c4.2-0.4,7.4-2.7,7-2.6\tc-0.4,0-4.3,2.2-8.6,1.9c-1.8-0.1-5.1-0.5-6.7-0.4S41.9,19.3,41.9,19.3z\"\/>\n\t<path class=\"elementor-shape-fill\" d=\"M75.5,12.6c0.2,0.1,2-0.8,4.3-1.1c2.3-0.2,2.1-0.3,2.1-0.5c0-0.1-1.8-0.4-3.4,0\tC76.9,11.5,75.3,12.5,75.5,12.6z\"\/>\n\t<path class=\"elementor-shape-fill\" d=\"M15.6,13.2c0-0.1,4.3,0,6.7,0.5c2.4,0.5,5,1.9,5,2c0,0.1-2.7-0.8-5.1-1.4\tC19.9,13.7,15.7,13.3,15.6,13.2z\"\/>\n<\/svg>\t\t<\/div>\n\t\t\t\t\t<div class=\"elementor-container elementor-column-gap-default\">\n\t\t\t\t\t<div class=\"elementor-column elementor-col-100 elementor-top-column elementor-element elementor-element-ce5f969\" data-id=\"ce5f969\" data-element_type=\"column\">\n\t\t\t<div class=\"elementor-widget-wrap\">\n\t\t\t\t\t\t\t\t\t<\/div>\n\t\t<\/div>\n\t\t\t\t\t\t\t<\/div>\n\t\t<\/section>\n\t\t\t\t<section class=\"elementor-section elementor-top-section elementor-element elementor-element-19244dc6 elementor-section-boxed elementor-section-height-default elementor-section-height-default\" data-id=\"19244dc6\" data-element_type=\"section\">\n\t\t\t\t\t\t<div class=\"elementor-container elementor-column-gap-default\">\n\t\t\t\t\t<div class=\"elementor-column elementor-col-100 elementor-top-column elementor-element elementor-element-123a17b1\" data-id=\"123a17b1\" data-element_type=\"column\">\n\t\t\t<div class=\"elementor-widget-wrap elementor-element-populated\">\n\t\t\t\t\t\t\t\t<div class=\"elementor-element elementor-element-1a51ca4f elementor-widget elementor-widget-shortcode\" data-id=\"1a51ca4f\" data-element_type=\"widget\" data-widget_type=\"shortcode.default\">\n\t\t\t\t<div class=\"elementor-widget-container\">\n\t\t\t\t\t<div class=\"elementor-shortcode\"><div class=\"gwolle-gb\"><div class=\"gwolle_gb_messages_top_container\"><\/div>\n\t\t\t<div class=\"gwolle-gb-write-button\">\n\t\t\t\t<input type=\"button\" name=\"gwolle-gb-write-button\" class=\"button btn btn-default\" value=\"Write a new entry.\" \/>\n\t\t\t<\/div>\n\t\t\t<form action=\"#\" method=\"POST\" class=\"gwolle-gb-write gwolle-gb-hide gwolle-gb-float gwolle_gb_form_ajax gwolle-gb-form-ajax gwolle-gb-ajax gwolle-gb-not-logged-in\" data-trp-original-action=\"#\">\n\t\t\t\t<h3>\u00c9crivez un nouveau message dans le livre d\u2019or<\/h3>\n\t\t\t\t<button type=\"button\" class=\"gb-notice-dismiss\">x<span class=\"screen-reader-text\">Hide this form.<\/span><\/button>\n\t\t\t\n\t\t\t\t<input type=\"hidden\" name=\"gwolle_gb_function\" class=\"gwolle_gb_function\" value=\"add_entry\" \/><input type=\"hidden\" name=\"gwolle_gb_book_id\" class=\"gwolle_gb_book_id\" value=\"4\" \/><div class=\"gwolle_gb_3c59c56e09aa3885954bfb1c9a405f67\">\n\t\t\t\t<div class=\"label\"><label for=\"gwolle_gb_3c59c56e09aa3885954bfb1c9a405f67\" class=\"text-info\">Name <span class=\"required\">*<\/span><\/label><\/div>\n\t\t\t\t<div class=\"input\"><input class=\"wp-exclude-emoji gwolle_gb_3c59c56e09aa3885954bfb1c9a405f67\" value=\"\" type=\"text\" name=\"gwolle_gb_3c59c56e09aa3885954bfb1c9a405f67\" required \/><\/div>\n\t\t\t\t<div class=\"clearBoth\">&nbsp;<\/div>\n\t\t\t<\/div><div class=\"gwolle_gb_7758f2099d2da88785732d7b4d9ae801\">\n\t\t\t\t\t<div class=\"label\"><label for=\"gwolle_gb_7758f2099d2da88785732d7b4d9ae801\" class=\"text-info\">City<\/label><\/div>\n\t\t\t\t\t<div class=\"input\"><input class=\"wp-exclude-emoji gwolle_gb_7758f2099d2da88785732d7b4d9ae801\" value=\"\" type=\"text\" name=\"gwolle_gb_7758f2099d2da88785732d7b4d9ae801\" \/><\/div>\n\t\t\t\t\t<div class=\"clearBoth\">&nbsp;<\/div>\n\t\t\t\t<\/div><div class=\"gwolle_gb_c9083957faa4fdea164fba112be58242\">\n\t\t\t\t<div class=\"label\"><label for=\"gwolle_gb_c9083957faa4fdea164fba112be58242\" class=\"text-info\">Email <span class=\"required\">*<\/span><\/label><\/div>\n\t\t\t\t<div class=\"input\"><input class=\"gwolle_gb_c9083957faa4fdea164fba112be58242\" value=\"\" type=\"email\" name=\"gwolle_gb_c9083957faa4fdea164fba112be58242\" required \/><\/div>\n\t\t\t\t<div class=\"clearBoth\">&nbsp;<\/div>\n\t\t\t<\/div>\n\t\t\t<div class=\"gwolle_gb_4d044f852c9175d0d2c86813a6887a1a\" style=\"display:none;\">\n\t\t\t\t<div class=\"label\">\n\t\t\t\t\t<label for=\"gwolle_gb_4d044f852c9175d0d2c86813a6887a1a\" class=\"text-primary\">Do not touch this<\/label>\n\t\t\t\t\t<label for=\"gwolle_gb_be3604d1659eb285e8d8857095fe1235\" class=\"text-primary\">Do not touch this<\/label>\n\t\t\t\t<\/div>\n\t\t\t\t<div class=\"input\">\n\t\t\t\t\t<input value=\"42\" type=\"text\" name=\"gwolle_gb_4d044f852c9175d0d2c86813a6887a1a\" class=\"gwolle_gb_4d044f852c9175d0d2c86813a6887a1a\" \/>\n\t\t\t\t\t<input value=\"\" type=\"text\" name=\"gwolle_gb_be3604d1659eb285e8d8857095fe1235\" class=\"gwolle_gb_be3604d1659eb285e8d8857095fe1235\" \/>\n\t\t\t\t<\/div>\n\t\t\t\t<div class=\"clearBoth\"><\/div>\n\t\t\t<\/div>\n\t\t\t<div class=\"gwolle_gb_7ddc0d531d9752ad0e16503a9e0d5072\" style=\"display:none;\">\n\t\t\t\t<div class=\"label\">\n\t\t\t\t\t<label for=\"gwolle_gb_7ddc0d531d9752ad0e16503a9e0d5072\" class=\"text-primary\">Do not touch this<\/label>\n\t\t\t\t\t<label for=\"gwolle_gb_882c318ecf404df4450c2ddd4d4a29e5\" class=\"text-primary\">Do not touch this<\/label>\n\t\t\t\t<\/div>\n\t\t\t\t<div class=\"input\">\n\t\t\t\t\t<input value=\"22883\" type=\"text\" name=\"gwolle_gb_7ddc0d531d9752ad0e16503a9e0d5072\" class=\"gwolle_gb_7ddc0d531d9752ad0e16503a9e0d5072\" \/>\n\t\t\t\t\t<input value=\"22883\" type=\"text\" name=\"gwolle_gb_882c318ecf404df4450c2ddd4d4a29e5\" class=\"gwolle_gb_882c318ecf404df4450c2ddd4d4a29e5\" \/>\n\t\t\t\t<\/div>\n\t\t\t\t<div class=\"clearBoth\"><\/div>\n\t\t\t<\/div><div class=\"gwolle_gb_content\">\n\t\t\t\t<div class=\"label\"><label for=\"gwolle_gb_content\" class=\"text-info\">Guestbook entry <span class=\"required\">*<\/span><\/label><\/div>\n\t\t\t\t<div class=\"input\"><textarea name=\"gwolle_gb_content\" class=\"gwolle_gb_content wp-exclude-emoji\" required><\/textarea><\/div>\n\t\t\t\t\t<div class=\"clearBoth\">&nbsp;<\/div>\n\t\t\t\t<\/div>\n\t\t\t\t<div class=\"gwolle_gb_antispam\">\n\t\t\t\t\t<div class=\"label\">\n\t\t\t\t\t\t<label for=\"gwolle_gb_c10bcd8d79925b61191f8d9149e3b7c4\" class=\"text-info\">Question: 25+cinq <span class=\"required\">*<\/span><\/label>\n\t\t\t\t\t<\/div>\n\t\t\t\t\t<div class=\"input\"><input class=\"gwolle_gb_c10bcd8d79925b61191f8d9149e3b7c4\" value=\"\" type=\"text\" name=\"gwolle_gb_c10bcd8d79925b61191f8d9149e3b7c4\" required \/>\n\t\t\t\t\t\t<\/div>\n\t\t\t\t\t\t<div class=\"clearBoth\">&nbsp;<\/div>\n\t\t\t\t\t<\/div><input type=\"hidden\" class=\"gwolle_gb_e83c734e42b7a9abd78b5749e47f6205\" name=\"gwolle_gb_e83c734e42b7a9abd78b5749e47f6205\" value=\"bbcd35fba9\" \/>\n\t\t\t<div class=\"gwolle_gb_messages_bottom_container\"><\/div>\n\n\t\t\t<noscript><div class=\"no-js\">Warning: This form can only be used if JavaScript is enabled in your browser.<\/div><\/noscript>\n\n\t\t\t<div class=\"gwolle_gb_submit\">\n\t\t\t\t<div class=\"label gwolle-gb-invisible text-muted\">&nbsp;<\/div>\n\t\t\t\t<div class=\"input\">\n\t\t\t\t\t<input type=\"submit\" name=\"gwolle_gb_submit\" class=\"gwolle_gb_submit button btn btn-primary\" value=\"Submit\" \/>\n\t\t\t\t\t<span class=\"gwolle_gb_submit_ajax_icon\"><\/span>\n\t\t\t\n\t\t\t\t<\/div>\n\t\t\t\t<div class=\"clearBoth\">&nbsp;<\/div>\n\t\t\t<\/div>\n\n\t\t\t<div class=\"gwolle_gb_notice\">\n\t\t\t\tLes champs marqu\u00e9s avec un * sont obligatoires.<br \/>\r\nVotre adresse e-mail ne sera pas publi\u00e9e.<br \/>\r\nIl se pourrait que votre message n\u2019apparaisse dans le livre d\u2019or qu\u2019apr\u00e8s que nous l\u2019ayons v\u00e9rifi\u00e9.<br \/>\r\nNous nous r\u00e9servons le droit de modifier, de supprimer, ou de ne pas publier les messages.\n\t\t\t<\/div><input type=\"hidden\" name=\"trp-form-language\" value=\"en\"\/><\/form><div class=\"gwolle-gb-read gwolle-gb-ajax gwolle-gb-entries-list\" data-book_id=\"4\" data-page_id=\"1\">\n\t\t<div id=\"gwolle-gb-total\" class=\"gwolle-gb-total\">4 entries.<\/div><!-- Gwolle-GB Entry: Default Template Loaded -->\n\t\t\t\t<div class=\"gb-entry gb-entry_470 gb-entry-count_1 gwolle_gb_uneven gwolle-gb-uneven gwolle-gb-first\" data-entry_id=\"470\">\n\t\t\t\t<article>\n\t\t\t\t\t<div class=\"gb-author-info\">\n\t\t\t\t\t\t<span class=\"gb-author-avatar\"><img referrerpolicy=\"no-referrer\" alt='SUDRIE' src='https:\/\/secure.gravatar.com\/avatar\/bdbb0e1958cb7e8d4851f85cbe12a81c106473e734f7efa5054cee64ea833998?s=32&#038;d=mm&#038;r=g' srcset='https:\/\/secure.gravatar.com\/avatar\/bdbb0e1958cb7e8d4851f85cbe12a81c106473e734f7efa5054cee64ea833998?s=64&#038;d=mm&#038;r=g 2x' class='avatar avatar-32 photo' height='32' width='32' \/><\/span>\n\t\t\t\t\t\t<span class=\"gb-author-name\">SUDRIE\n\t\t\t\t\t\t<\/span>\n\t\t\t\t\t\t<span class=\"gb-author-origin\">\n\t\t\t\t\t\t\t<span class=\"gb-author-origin-from-text\"> from<\/span>\n\t\t\t\t\t\t\t<span class=\"gb-author-origin-text\"> Colomiers<\/span>\n\t\t\t\t\t\t<\/span>\n\t\t\t\t\t\t<span class=\"gb-datetime\">\n\t\t\t\t\t\t\t<span class=\"gb-date\"><span class=\"gb-date-wrote-text\"> wrote on<\/span><span class=\"gb-date-text\"> 29 April 2026<\/span>\n\t\t\t\t\t\t\t<\/span><span class=\"gb-time\">\n\t\t\t\t\t\t\t\t\t<span class=\"gb-time-at-text\"> at<\/span>\n\t\t\t\t\t\t\t\t\t<span class=\"gb-time-text\"> 20h46<\/span>\n\t\t\t\t\t\t\t\t<\/span>\n\t\t\t\t\t\t<\/span> \n\t\t\t\t\t<\/div>\n\t\t\t\t\t<div class=\"gb-entry-content\">Nous avons s\u00e9journ\u00e9 du 17 au 27 avril 2026 dans cette villa et nous avons pass\u00e9 un s\u00e9jour exceptionnel. Tout est r\u00e9uni pour des vacances parfaites : la maison est magnifique, entretenue, bien \u00e9quip\u00e9e et d\u00e9cor\u00e9e avec gout. On s&#039;y sent tr\u00e8s bien, et nous n&#039;avions pas envie de la quitter. L&#039;emplacement est id\u00e9al, offrant \u00e0 la fois calme, intimit\u00e9 et proximit\u00e9 avec les plages et les commerces. Le propri\u00e9taire est \u00e9galement disponible et r\u00e9actif, l&#039;accueil par Lydie chaleureux. Nous vous recommandons cette location sans aucune h\u00e9sitation et esp\u00e9rons pouvoir y retourner. Muriel et sa famille\n\t\t\t\t\t<\/div>\n\t\t\t\t<\/article>\n\t\t\t<\/div>\n\t\t\t<div class=\"gb-entry gb-entry_468 gb-entry-count_2 gwolle_gb_even gwolle-gb-even\" data-entry_id=\"468\">\n\t\t\t\t<article>\n\t\t\t\t\t<div class=\"gb-author-info\">\n\t\t\t\t\t\t<span class=\"gb-author-avatar\"><img referrerpolicy=\"no-referrer\" alt='CHRISTINE L.' src='https:\/\/secure.gravatar.com\/avatar\/6007ba12ef9b97139f20f372eba18b18010c5f338461b08dfddea4eb3d2025fc?s=32&#038;d=mm&#038;r=g' srcset='https:\/\/secure.gravatar.com\/avatar\/6007ba12ef9b97139f20f372eba18b18010c5f338461b08dfddea4eb3d2025fc?s=64&#038;d=mm&#038;r=g 2x' class='avatar avatar-32 photo' height='32' width='32' \/><\/span>\n\t\t\t\t\t\t<span class=\"gb-author-name\">CHRISTINE L.\n\t\t\t\t\t\t<\/span>\n\t\t\t\t\t\t<span class=\"gb-author-origin\">\n\t\t\t\t\t\t\t<span class=\"gb-author-origin-from-text\"> from<\/span>\n\t\t\t\t\t\t\t<span class=\"gb-author-origin-text\"> GIF SUR YVETTE<\/span>\n\t\t\t\t\t\t<\/span>\n\t\t\t\t\t\t<span class=\"gb-datetime\">\n\t\t\t\t\t\t\t<span class=\"gb-date\"><span class=\"gb-date-wrote-text\"> wrote on<\/span><span class=\"gb-date-text\"> 15 April 2026<\/span>\n\t\t\t\t\t\t\t<\/span><span class=\"gb-time\">\n\t\t\t\t\t\t\t\t\t<span class=\"gb-time-at-text\"> at<\/span>\n\t\t\t\t\t\t\t\t\t<span class=\"gb-time-text\"> 17h03<\/span>\n\t\t\t\t\t\t\t\t<\/span>\n\t\t\t\t\t\t<\/span> \n\t\t\t\t\t<\/div>\n\t\t\t\t\t<div class=\"gb-entry-content\">MABOUYA 4 un pur moment de bonheur .\r\nLorsque nous sommes arriv\u00e9s nous nous sommes sentis comme chez nous !Tout est parfait ,  la d\u00e9coration , les couleurs , le confort , la disposition des lieux... la douche ext\u00e9rieure et la belle piscine .A l&#039;abri des regards , dans la tranquillit\u00e9, nous avons pass\u00e9 trois semaines de pur bonheur .\n\t\t\t\t\t<\/div>\n\t\t\t\t<\/article>\n\t\t\t<\/div>\n\t\t\t<div class=\"gb-entry gb-entry_463 gb-entry-count_3 gwolle_gb_uneven gwolle-gb-uneven\" data-entry_id=\"463\">\n\t\t\t\t<article>\n\t\t\t\t\t<div class=\"gb-author-info\">\n\t\t\t\t\t\t<span class=\"gb-author-avatar\"><img referrerpolicy=\"no-referrer\" alt='Nathalie' src='https:\/\/secure.gravatar.com\/avatar\/eab47915a67e70710b8c07a2224c0423d84509b8bf5382daf5584a856eac1bfa?s=32&#038;d=mm&#038;r=g' srcset='https:\/\/secure.gravatar.com\/avatar\/eab47915a67e70710b8c07a2224c0423d84509b8bf5382daf5584a856eac1bfa?s=64&#038;d=mm&#038;r=g 2x' class='avatar avatar-32 photo' height='32' width='32' \/><\/span>\n\t\t\t\t\t\t<span class=\"gb-author-name\">Nathalie\n\t\t\t\t\t\t<\/span>\n\t\t\t\t\t\t<span class=\"gb-author-origin\">\n\t\t\t\t\t\t\t<span class=\"gb-author-origin-from-text\"> from<\/span>\n\t\t\t\t\t\t\t<span class=\"gb-author-origin-text\"> Marseille<\/span>\n\t\t\t\t\t\t<\/span>\n\t\t\t\t\t\t<span class=\"gb-datetime\">\n\t\t\t\t\t\t\t<span class=\"gb-date\"><span class=\"gb-date-wrote-text\"> wrote on<\/span><span class=\"gb-date-text\"> 17 February 2026<\/span>\n\t\t\t\t\t\t\t<\/span><span class=\"gb-time\">\n\t\t\t\t\t\t\t\t\t<span class=\"gb-time-at-text\"> at<\/span>\n\t\t\t\t\t\t\t\t\t<span class=\"gb-time-text\"> 16h42<\/span>\n\t\t\t\t\t\t\t\t<\/span>\n\t\t\t\t\t\t<\/span> \n\t\t\t\t\t<\/div>\n\t\t\t\t\t<div class=\"gb-entry-content\">Nous sommes rest\u00e9s 10 jours dans cette villa et nous nous sommes r\u00e9gal\u00e9s.\r\nLes ext\u00e9rieurs sont vraiment propices \u00e0 la d\u00e9tente. Le coin piscine est super, tr\u00e8s appr\u00e9ciable.\r\nIl y avait tout ce qu&#039;il fallait cot\u00e9 cuisine.\r\nAucun bruit \u00e0 part le chant du coq mais c&#039;est typique de la  Guadeloupe.\r\nAucun vis \u00e0 vis non plus!\r\nLa maison est \u00e0 seulement quelques minutes d&#039;une des plus belles plages, l&#039;Anse des Salines, et de la pointe des ch\u00e2teaux, donc c&#039;\u00e9tait vraiment tr\u00e8s pratique.\r\nA recommander.\n\t\t\t\t\t<\/div>\n\t\t\t\t<\/article>\n\t\t\t<\/div>\n\t\t\t<div class=\"gb-entry gb-entry_459 gb-entry-count_4 gwolle_gb_even gwolle-gb-even\" data-entry_id=\"459\">\n\t\t\t\t<article>\n\t\t\t\t\t<div class=\"gb-author-info\">\n\t\t\t\t\t\t<span class=\"gb-author-avatar\"><img referrerpolicy=\"no-referrer\" alt='ZACH' src='https:\/\/secure.gravatar.com\/avatar\/2fde2216f656626b72c37b1567eb24ced2a37e3ccf7bee996765a5402a31a0f8?s=32&#038;d=mm&#038;r=g' srcset='https:\/\/secure.gravatar.com\/avatar\/2fde2216f656626b72c37b1567eb24ced2a37e3ccf7bee996765a5402a31a0f8?s=64&#038;d=mm&#038;r=g 2x' class='avatar avatar-32 photo' height='32' width='32' \/><\/span>\n\t\t\t\t\t\t<span class=\"gb-author-name\">ZACH\n\t\t\t\t\t\t<\/span>\n\t\t\t\t\t\t<span class=\"gb-author-origin\">\n\t\t\t\t\t\t\t<span class=\"gb-author-origin-from-text\"> from<\/span>\n\t\t\t\t\t\t\t<span class=\"gb-author-origin-text\"> CASTELNAU<\/span>\n\t\t\t\t\t\t<\/span>\n\t\t\t\t\t\t<span class=\"gb-datetime\">\n\t\t\t\t\t\t\t<span class=\"gb-date\"><span class=\"gb-date-wrote-text\"> wrote on<\/span><span class=\"gb-date-text\"> 3 January 2026<\/span>\n\t\t\t\t\t\t\t<\/span><span class=\"gb-time\">\n\t\t\t\t\t\t\t\t\t<span class=\"gb-time-at-text\"> at<\/span>\n\t\t\t\t\t\t\t\t\t<span class=\"gb-time-text\"> 16h07<\/span>\n\t\t\t\t\t\t\t\t<\/span>\n\t\t\t\t\t\t<\/span> \n\t\t\t\t\t<\/div>\n\t\t\t\t\t<div class=\"gb-entry-content\">Un s\u00e9jour idyllique... la Guadeloupe reserve de belles surprises et la villa aussi \r\nNous avons autant ador\u00e9 d\u00e9couvrir les joyaux de l&#039;ile que profiter de la villa, c&#039;est un endroit tr\u00e8s reposant et on l&#039;on s&#039;y sent bien et ou l&#039;on a envie de rester. Nous reviendrons vite !\n\t\t\t\t\t<\/div>\n\t\t\t\t<\/article>\n\t\t\t<\/div>\n\t\t\t<\/div><\/div><\/div>\n\t\t\t\t<\/div>\n\t\t\t\t<\/div>\n\t\t\t\t\t<\/div>\n\t\t<\/div>\n\t\t\t\t\t\t\t<\/div>\n\t\t<\/section>\n\t\t\t\t\t\t\t<\/div>","protected":false},"excerpt":{"rendered":"","protected":false},"author":1,"featured_media":0,"parent":0,"menu_order":0,"comment_status":"closed","ping_status":"closed","template":"elementor_header_footer","meta":{"footnotes":""},"class_list":["post-1363","page","type-page","status-publish","hentry"],"yoast_head":"<!-- This site is optimized with the Yoast SEO plugin v20.1 - https:\/\/yoast.com\/wordpress\/plugins\/seo\/ -->\n<title>Livre d&#039;or Mabouya 4 - Location KARUKERA<\/title>\n<meta name=\"robots\" content=\"index, follow, max-snippet:-1, max-image-preview:large, max-video-preview:-1\" \/>\n<link rel=\"canonical\" href=\"https:\/\/www.locationkarukera.com\/en\/livre-dor-mabouya-4\/\" \/>\n<meta property=\"og:locale\" content=\"en_GB\" \/>\n<meta property=\"og:type\" content=\"article\" \/>\n<meta property=\"og:title\" content=\"Livre d&#039;or Mabouya 4 - Location KARUKERA\" \/>\n<meta property=\"og:url\" content=\"https:\/\/www.locationkarukera.com\/en\/livre-dor-mabouya-4\/\" \/>\n<meta property=\"og:site_name\" content=\"Location KARUKERA\" \/>\n<meta property=\"article:modified_time\" content=\"2025-03-27T07:29:20+00:00\" \/>\n<meta name=\"twitter:card\" content=\"summary_large_image\" \/>\n<meta name=\"twitter:label1\" content=\"Estimated reading time\" \/>\n\t<meta name=\"twitter:data1\" content=\"1 minute\" \/>\n<script type=\"application\/ld+json\" class=\"yoast-schema-graph\">{\"@context\":\"https:\/\/schema.org\",\"@graph\":[{\"@type\":\"WebPage\",\"@id\":\"https:\/\/www.locationkarukera.com\/livre-dor-mabouya-4\/\",\"url\":\"https:\/\/www.locationkarukera.com\/livre-dor-mabouya-4\/\",\"name\":\"Livre d'or Mabouya 4 - Location KARUKERA\",\"isPartOf\":{\"@id\":\"https:\/\/www.locationkarukera.com\/#website\"},\"datePublished\":\"2025-03-27T07:27:16+00:00\",\"dateModified\":\"2025-03-27T07:29:20+00:00\",\"breadcrumb\":{\"@id\":\"https:\/\/www.locationkarukera.com\/livre-dor-mabouya-4\/#breadcrumb\"},\"inLanguage\":\"en-GB\",\"potentialAction\":[{\"@type\":\"ReadAction\",\"target\":[\"https:\/\/www.locationkarukera.com\/livre-dor-mabouya-4\/\"]}]},{\"@type\":\"BreadcrumbList\",\"@id\":\"https:\/\/www.locationkarukera.com\/livre-dor-mabouya-4\/#breadcrumb\",\"itemListElement\":[{\"@type\":\"ListItem\",\"position\":1,\"name\":\"Accueil\",\"item\":\"https:\/\/www.locationkarukera.com\/\"},{\"@type\":\"ListItem\",\"position\":2,\"name\":\"Livre d&rsquo;or Mabouya 4\"}]},{\"@type\":\"WebSite\",\"@id\":\"https:\/\/www.locationkarukera.com\/#website\",\"url\":\"https:\/\/www.locationkarukera.com\/\",\"name\":\"Location KARUKERA\",\"description\":\"Villa Mabouya au coeur de la Guadeloupe une ile paradisiaque\",\"potentialAction\":[{\"@type\":\"SearchAction\",\"target\":{\"@type\":\"EntryPoint\",\"urlTemplate\":\"https:\/\/www.locationkarukera.com\/?s={search_term_string}\"},\"query-input\":\"required name=search_term_string\"}],\"inLanguage\":\"en-GB\"}]}<\/script>\n<!-- \/ Yoast SEO plugin. -->","yoast_head_json":{"title":"Livre d'or Mabouya 4 - Location KARUKERA","robots":{"index":"index","follow":"follow","max-snippet":"max-snippet:-1","max-image-preview":"max-image-preview:large","max-video-preview":"max-video-preview:-1"},"canonical":"https:\/\/www.locationkarukera.com\/en\/livre-dor-mabouya-4\/","og_locale":"en_GB","og_type":"article","og_title":"Livre d'or Mabouya 4 - Location KARUKERA","og_url":"https:\/\/www.locationkarukera.com\/en\/livre-dor-mabouya-4\/","og_site_name":"Location KARUKERA","article_modified_time":"2025-03-27T07:29:20+00:00","twitter_card":"summary_large_image","twitter_misc":{"Estimated reading time":"1 minute"},"schema":{"@context":"https:\/\/schema.org","@graph":[{"@type":"WebPage","@id":"https:\/\/www.locationkarukera.com\/livre-dor-mabouya-4\/","url":"https:\/\/www.locationkarukera.com\/livre-dor-mabouya-4\/","name":"Livre d'or Mabouya 4 - Location KARUKERA","isPartOf":{"@id":"https:\/\/www.locationkarukera.com\/#website"},"datePublished":"2025-03-27T07:27:16+00:00","dateModified":"2025-03-27T07:29:20+00:00","breadcrumb":{"@id":"https:\/\/www.locationkarukera.com\/livre-dor-mabouya-4\/#breadcrumb"},"inLanguage":"en-GB","potentialAction":[{"@type":"ReadAction","target":["https:\/\/www.locationkarukera.com\/livre-dor-mabouya-4\/"]}]},{"@type":"BreadcrumbList","@id":"https:\/\/www.locationkarukera.com\/livre-dor-mabouya-4\/#breadcrumb","itemListElement":[{"@type":"ListItem","position":1,"name":"Accueil","item":"https:\/\/www.locationkarukera.com\/"},{"@type":"ListItem","position":2,"name":"Livre d&rsquo;or Mabouya 4"}]},{"@type":"WebSite","@id":"https:\/\/www.locationkarukera.com\/#website","url":"https:\/\/www.locationkarukera.com\/","name":"Location KARUKERA","description":"Villa Mabouya au coeur de la Guadeloupe une ile paradisiaque","potentialAction":[{"@type":"SearchAction","target":{"@type":"EntryPoint","urlTemplate":"https:\/\/www.locationkarukera.com\/?s={search_term_string}"},"query-input":"required name=search_term_string"}],"inLanguage":"en-GB"}]}},"_links":{"self":[{"href":"https:\/\/www.locationkarukera.com\/en\/wp-json\/wp\/v2\/pages\/1363","targetHints":{"allow":["GET"]}}],"collection":[{"href":"https:\/\/www.locationkarukera.com\/en\/wp-json\/wp\/v2\/pages"}],"about":[{"href":"https:\/\/www.locationkarukera.com\/en\/wp-json\/wp\/v2\/types\/page"}],"author":[{"embeddable":true,"href":"https:\/\/www.locationkarukera.com\/en\/wp-json\/wp\/v2\/users\/1"}],"replies":[{"embeddable":true,"href":"https:\/\/www.locationkarukera.com\/en\/wp-json\/wp\/v2\/comments?post=1363"}],"version-history":[{"count":4,"href":"https:\/\/www.locationkarukera.com\/en\/wp-json\/wp\/v2\/pages\/1363\/revisions"}],"predecessor-version":[{"id":1367,"href":"https:\/\/www.locationkarukera.com\/en\/wp-json\/wp\/v2\/pages\/1363\/revisions\/1367"}],"wp:attachment":[{"href":"https:\/\/www.locationkarukera.com\/en\/wp-json\/wp\/v2\/media?parent=1363"}],"curies":[{"name":"wp","href":"https:\/\/api.w.org\/{rel}","templated":true}]}}